{"id":23,"date":"2014-09-26T17:23:42","date_gmt":"2014-09-26T17:23:42","guid":{"rendered":"http:\/\/192.168.1.104\/enfold-photography\/?page_id=23"},"modified":"2022-01-11T20:56:17","modified_gmt":"2022-01-11T20:56:17","slug":"contact","status":"publish","type":"page","link":"https:\/\/cticlassics.com\/de\/contact\/","title":{"rendered":"Kontakt &amp; Newsletter"},"content":{"rendered":"<style type=\"text\/css\" data-created_by=\"avia_inline_auto\" id=\"style-css-av-kuvkim0g-6c7efdb455cd0d774978f9d681b81fce\">\n.avia-section.av-kuvkim0g-6c7efdb455cd0d774978f9d681b81fce{\nbackground-color:#f2eee4;\n}\n<\/style>\n<div id='av_section_1'  class='avia-section av-kuvkim0g-6c7efdb455cd0d774978f9d681b81fce main_color avia-section-small avia-no-border-styling  avia-builder-el-0  el_before_av_section  avia-builder-el-first  avia-bg-style-scroll  container_wrap fullsize'  ><div class='container av-section-cont-open' ><main  role=\"main\" itemprop=\"mainContentOfPage\"  class='template-page content  av-content-full alpha units'><div class='post-entry post-entry-type-page post-entry-23'><div class='entry-content-wrapper clearfix'>\n<div class='flex_column av-5gdxb-588d7cb4e0fa896c27a8c07fcd4ceaf2 av_one_full  avia-builder-el-1  avia-builder-el-no-sibling  first flex_column_div'   ><style type=\"text\/css\" data-created_by=\"avia_inline_auto\" id=\"style-css-av-54z1n-6cf7593310cbce55a42f9eb5422588fa\">\n#top .av-special-heading.av-54z1n-6cf7593310cbce55a42f9eb5422588fa{\npadding-bottom:0px;\n}\n<\/style>\n<div  class='av-special-heading av-54z1n-6cf7593310cbce55a42f9eb5422588fa av-special-heading-h3  avia-builder-el-2  avia-builder-el-no-sibling'><h3 class='av-special-heading-tag'  itemprop=\"headline\"  >In Kontakt kommen<\/h3><div class='special-heading-border'><div class='special-heading-inner-border'><\/div><\/div><\/div><\/div>\n\n<\/div><\/div><\/main><!-- close content main element --><\/div><\/div>\n<style type=\"text\/css\" data-created_by=\"avia_inline_auto\" id=\"style-css-av-kvfnczmi-cef6a6c1f811b2b84e7d761e66ddfc25\">\n.avia-section.av-kvfnczmi-cef6a6c1f811b2b84e7d761e66ddfc25{\nbackground-color:#ffffff;\n}\n<\/style>\n<div id='av_section_2'  class='avia-section av-kvfnczmi-cef6a6c1f811b2b84e7d761e66ddfc25 main_color avia-section-small avia-no-border-styling  avia-builder-el-3  el_after_av_section  el_before_av_section  avia-bg-style-scroll  container_wrap fullsize'  ><div class='container av-section-cont-open' ><div class='template-page content  av-content-full alpha units'><div class='post-entry post-entry-type-page post-entry-23'><div class='entry-content-wrapper clearfix'>\n\n<style type=\"text\/css\" data-created_by=\"avia_inline_auto\" id=\"style-css-av-1nf4z-d4f352a1eda771089911299e0228d97c\">\n.flex_column.av-1nf4z-d4f352a1eda771089911299e0228d97c{\npadding:40px 0 0 0;\n}\n<\/style>\n<div class='flex_column av-1nf4z-d4f352a1eda771089911299e0228d97c av_one_half  avia-builder-el-4  el_before_av_one_half  avia-builder-el-first  first flex_column_div'   ><section class=\"av_textblock_section\"  itemscope=\"itemscope\" itemtype=\"https:\/\/schema.org\/CreativeWork\" ><div class='avia_textblock'   itemprop=\"text\" ><h3>Bitte nutzen Sie dieses Formular, um uns zu kontaktieren, wenn\u2026<\/h3>\n<ul>\n<li>Sie interessieren sich f\u00fcr eines der von uns zum Verkauf angebotenen Autos,<\/li>\n<li>Sie suchen ein bestimmtes Modell und m\u00f6chten, dass wir Ihnen bei der Beschaffung helfen,<\/li>\n<li>Sie suchen Beratung zur Verwaltung Ihrer Oldtimer-Sammlung oder eines Ihrer Kunden (zB Family Office Manager),<\/li>\n<li>Sie sind ein Oldtimer-Profi (H\u00e4ndler, Sachverst\u00e4ndiger, Berater, Versicherer, Spediteur, \u2026) und m\u00f6chten eine Verbindung zu uns aufbauen und\/oder Ihre Dienstleistungen anbieten,<\/li>\n<li>oder einfach um \u00fcber unsere gemeinsame Leidenschaft zu plaudern!<\/li>\n<\/ul>\n<h3>Sie k\u00f6nnen uns auch telefonisch erreichen unter:<br \/>\n+1 514 550 4974 \ud83c\udde8\ud83c\udde6 oder +33 6 07 17 22 51 \ud83c\uddeb\ud83c\uddf7 (diese Nummer ist auch \u00fcber WhatsApp erreichbar)<\/h3>\n<\/div><\/section><\/div><div class='flex_column av-oq7v-c11f3121bb2cae3278c7a673cee036dc av_one_half flex_column_div'   ><form action=\"https:\/\/cticlassics.com\/de\/contact\/\" method=\"post\"  class=\"avia_ajax_form av-form-labels-visible\" data-avia-form-id=\"1\" data-avia-redirect='' data-trp-original-action=\"https:\/\/cticlassics.com\/de\/contact\/\" ><fieldset><p class='first_form  form_element form_element_half' id='element_avia_1_1'><label for=\"avia_1_1\">Vorname <abbr class=\"required\" title=\"ben\u00f6tigt\">*<\/abbr><\/label> <input name=\"avia_1_1\" class=\"text_input is_empty\" type=\"text\" id=\"avia_1_1\" value=\"\" \/><\/p><p class='form_element form_element_half' id='element_avia_2_1'><label for=\"avia_2_1\">Nachname <abbr class=\"required\" title=\"ben\u00f6tigt\">*<\/abbr><\/label> <input name=\"avia_2_1\" class=\"text_input is_empty\" type=\"text\" id=\"avia_2_1\" value=\"\" \/><\/p><p class='first_form  form_element form_element_half' id='element_avia_3_1'><label for=\"avia_3_1\">Email <abbr class=\"required\" title=\"ben\u00f6tigt\">*<\/abbr><\/label> <input name=\"avia_3_1\" class=\"text_input is_email\" type=\"text\" id=\"avia_3_1\" value=\"\" \/><\/p><p class='form_element form_element_half' id='element_avia_4_1'><label for=\"avia_4_1\">Telefon<\/label> <input name=\"avia_4_1\" class=\"text_input\" type=\"text\" id=\"avia_4_1\" value=\"\" \/><\/p><p class='first_form  form_element form_element_three_fourth av-last-visible-form-element' id='element_avia_5_1'><label for=\"avia_5_1\" class=\"textare_label hidden textare_label_avia_5_1\">Nachricht <abbr class=\"required\" title=\"ben\u00f6tigt\">*<\/abbr><\/label><textarea  name=\"avia_5_1\" class=\"text_area is_empty\" cols=\"40\" rows=\"7\" id=\"avia_5_1\" ><\/textarea><\/p><p class=\"hidden\"><input type=\"text\" name=\"avia_6_1\" class=\"hidden\" id=\"avia_6_1\" value=\"\" \/><\/p><p class=\"form_element form_element_fourth modified_width\"><input type=\"hidden\" value=\"1\" name=\"avia_generated_form1\" \/><input type=\"submit\" value=\"einreichen\" class=\"button\"  data-sending-label=\"Sende\"\/><\/p><\/fieldset><input type=\"hidden\" name=\"trp-form-language\" value=\"de\"\/><\/form><div id=\"ajaxresponse_1\" class=\"ajaxresponse ajaxresponse_1 hidden\"><\/div><\/div>\n\n<\/div><\/div><\/div><!-- close content main div --><\/div><\/div>\n<style type=\"text\/css\" data-created_by=\"avia_inline_auto\" id=\"style-css-av-1vnnz-eea4f3fa003074c2ff57c32ff71d192f\">\n.avia-section.av-1vnnz-eea4f3fa003074c2ff57c32ff71d192f{\nbackground-color:#f2eee4;\n}\n<\/style>\n<div id='av_section_3'  class='avia-section av-1vnnz-eea4f3fa003074c2ff57c32ff71d192f main_color avia-section-small avia-no-border-styling avia-bg-style-scroll  container_wrap fullsize'  ><div class='container av-section-cont-open' ><div class='template-page content  av-content-full alpha units'><div class='post-entry post-entry-type-page post-entry-23'><div class='entry-content-wrapper clearfix'>\n<div class='flex_column av-1jxtv-dd9cf9d3a68be69dcf332418a2438c42 av_one_full first flex_column_div'   ><style type=\"text\/css\" data-created_by=\"avia_inline_auto\" id=\"style-css-av-kvmfwmds-04d0ecd8eb4464b94f66f4733520ce00\">\n#top .av-special-heading.av-kvmfwmds-04d0ecd8eb4464b94f66f4733520ce00{\npadding-bottom:0px;\n}\n<\/style>\n<div  class='av-special-heading av-kvmfwmds-04d0ecd8eb4464b94f66f4733520ce00 av-special-heading-h3'><h3 class='av-special-heading-tag'  itemprop=\"headline\"  >Abonniere unseren Newsletter<\/h3><div class='special-heading-border'><div class='special-heading-inner-border'><\/div><\/div><\/div><\/div>\n\n<\/div><\/div><\/div><!-- close content main div --><\/div><\/div>\n<style type=\"text\/css\" data-created_by=\"avia_inline_auto\" id=\"style-css-av-kvmg69v2-c542e9989319cfa2e7b6f4bfa5097913\">\n.avia-section.av-kvmg69v2-c542e9989319cfa2e7b6f4bfa5097913{\nbackground-color:#ffffff;\n}\n<\/style>\n<div id='av_section_4'  class='avia-section av-kvmg69v2-c542e9989319cfa2e7b6f4bfa5097913 main_color avia-section-small avia-no-border-styling avia-bg-style-scroll  container_wrap fullsize'  ><div class='container av-section-cont-open' ><div class='template-page content  av-content-full alpha units'><div class='post-entry post-entry-type-page post-entry-23'><div class='entry-content-wrapper clearfix'>\n<form action=\"https:\/\/cticlassics.com\/de\/contact\/\" method=\"post\"  data-av-custom-send='mailchimp_send' class=\"avia_ajax_form av-form-labels-visible    avia-mailchimp-form\" data-avia-form-id=\"2\" data-avia-redirect='' data-trp-original-action=\"https:\/\/cticlassics.com\/de\/contact\/\" ><fieldset><p class='first_form  form_element form_element_third' id='element_avia_0_2'><label for=\"avia_0_2\">Ihre E-Mail-Adresse <abbr class=\"required\" title=\"ben\u00f6tigt\">*<\/abbr><\/label> <input name=\"avia_0_2\" class=\"text_input is_email\" type=\"text\" id=\"avia_0_2\" value=\"\" \/><\/p><p class='form_element form_element_third' id='element_avia_1_2'><label for=\"avia_1_2\">Ihr Vorname <abbr class=\"required\" title=\"ben\u00f6tigt\">*<\/abbr><\/label> <input name=\"avia_1_2\" class=\"text_input is_empty\" type=\"text\" id=\"avia_1_2\" value=\"\" \/><\/p><p class=\"form_element  form_element form_element_third av-last-visible-form-element modified_width\"><input type=\"hidden\" value=\"1\" name=\"avia_generated_form2\" \/><input type=\"submit\" value=\"Abonnieren\" class=\"button\"  data-sending-label=\"Sende\"\/><\/p><p class=\"hidden\"><input type=\"text\" name=\"avia_avia_username_2\" class=\"hidden\" id=\"avia_avia_username_2\" value=\"\" \/><\/p><\/fieldset><input type=\"hidden\" name=\"trp-form-language\" value=\"de\"\/><\/form><div id=\"ajaxresponse_2\" class=\"ajaxresponse ajaxresponse_2 hidden\"><\/div>\n<section class=\"av_textblock_section\"  itemscope=\"itemscope\" itemtype=\"https:\/\/schema.org\/CreativeWork\" ><div class='avia_textblock'   itemprop=\"text\" ><p class=\"sib-PRENOM-area\">\n    <label class=\"sib-PRENOM-area\">Vorname*<\/label><br \/>\n    <input type=\"text\" class=\"sib-PRENOM-area\" name=\"PRENOM\" required=\"required\" ><\/p>\n<p class=\"sib-email-area\">\n    <label class=\"sib-email-area\">E-Mail-Addresse*<\/label><br \/>\n    <input type=\"email\" class=\"sib-email-area\" name=\"email\" required=\"required\"><\/p>\n<p>Ihre E-Mail-Adresse wird nur verwendet, um Ihnen unseren Newsletter und Informationen \u00fcber die Aktivit\u00e4ten von CTI Classics zuzusenden. Sie k\u00f6nnen jederzeit den im Newsletter enthaltenen Abmeldelink verwenden.<\/p>\n<p><input type=\"submit\" class=\"sib-default-btn\" value=\"Abonnieren\"><\/p>\n<\/div><\/section>","protected":false},"excerpt":{"rendered":"","protected":false},"author":1,"featured_media":0,"parent":0,"menu_order":0,"comment_status":"open","ping_status":"open","template":"","meta":{"content-type":"","_FSMCFIC_featured_image_caption":"","_FSMCFIC_featured_image_nocaption":"","_FSMCFIC_featured_image_hide":"","footnotes":""},"class_list":["post-23","page","type-page","status-publish","hentry"],"_links":{"self":[{"href":"https:\/\/cticlassics.com\/de\/wp-json\/wp\/v2\/pages\/23","targetHints":{"allow":["GET"]}}],"collection":[{"href":"https:\/\/cticlassics.com\/de\/wp-json\/wp\/v2\/pages"}],"about":[{"href":"https:\/\/cticlassics.com\/de\/wp-json\/wp\/v2\/types\/page"}],"author":[{"embeddable":true,"href":"https:\/\/cticlassics.com\/de\/wp-json\/wp\/v2\/users\/1"}],"replies":[{"embeddable":true,"href":"https:\/\/cticlassics.com\/de\/wp-json\/wp\/v2\/comments?post=23"}],"version-history":[{"count":0,"href":"https:\/\/cticlassics.com\/de\/wp-json\/wp\/v2\/pages\/23\/revisions"}],"wp:attachment":[{"href":"https:\/\/cticlassics.com\/de\/wp-json\/wp\/v2\/media?parent=23"}],"curies":[{"name":"wp","href":"https:\/\/api.w.org\/{rel}","templated":true}]}}