{"id":25,"date":"2014-09-26T17:24:29","date_gmt":"2014-09-26T17:24:29","guid":{"rendered":"http:\/\/192.168.1.104\/enfold-photography\/?page_id=25"},"modified":"2021-12-10T21:34:16","modified_gmt":"2021-12-10T21:34:16","slug":"classic-cars-for-sale","status":"publish","type":"page","link":"https:\/\/cticlassics.com\/de\/classic-cars-for-sale\/","title":{"rendered":"Oldtimer zu verkaufen"},"content":{"rendered":"<style type=\"text\/css\" data-created_by=\"avia_inline_auto\" id=\"style-css-av-kvdzbebd-94109fd056d34b543afaa1b12199a6b7\">\n.avia-section.av-kvdzbebd-94109fd056d34b543afaa1b12199a6b7{\nbackground-color:#f2eee4;\n}\n<\/style>\n<div id='av_section_1'  class='avia-section av-kvdzbebd-94109fd056d34b543afaa1b12199a6b7 main_color avia-section-small avia-no-border-styling  avia-builder-el-0  el_before_av_section  avia-builder-el-first  avia-bg-style-scroll  container_wrap fullsize'  ><div class='container av-section-cont-open' ><main  role=\"main\" itemprop=\"mainContentOfPage\"  class='template-page content  av-content-full alpha units'><div class='post-entry post-entry-type-page post-entry-25'><div class='entry-content-wrapper clearfix'>\n\n<style type=\"text\/css\" data-created_by=\"avia_inline_auto\" id=\"style-css-av-kvdzb8gu-1be834154251efadb376df3dc5fa5844\">\n#top .av-special-heading.av-kvdzb8gu-1be834154251efadb376df3dc5fa5844{\npadding-bottom:0px;\ncolor:#000000;\n}\n.av-special-heading.av-kvdzb8gu-1be834154251efadb376df3dc5fa5844 .special-heading-inner-border{\nborder-color:#000000;\n}\n<\/style>\n<div  class='av-special-heading av-kvdzb8gu-1be834154251efadb376df3dc5fa5844 av-special-heading-h3 custom-color-heading  avia-builder-el-1  avia-builder-el-no-sibling'><h3 class='av-special-heading-tag'  itemprop=\"headline\"  >Autos zu verkaufen<\/h3><div class='special-heading-border'><div class='special-heading-inner-border'><\/div><\/div><\/div>\n\n<\/div><\/div><\/main><!-- close content main element --><\/div><\/div>\n<style type=\"text\/css\" data-created_by=\"avia_inline_auto\" id=\"style-css-av-kvvf0w1k-21111f43c13593ff72eac4f3d9bdefb2\">\n.avia-section.av-kvvf0w1k-21111f43c13593ff72eac4f3d9bdefb2{\nbackground-color:#ffffff;\n}\n<\/style>\n<div id='av_section_2'  class='avia-section av-kvvf0w1k-21111f43c13593ff72eac4f3d9bdefb2 main_color avia-section-small avia-no-border-styling  avia-builder-el-2  el_after_av_section  el_before_av_masonry_entries  avia-bg-style-scroll  container_wrap fullsize'  ><div class='container av-section-cont-open' ><div class='template-page content  av-content-full alpha units'><div class='post-entry post-entry-type-page post-entry-25'><div class='entry-content-wrapper clearfix'>\n<div class='flex_column av-197c1-64d3731bac59ce8a3353495d3326b82b av_four_fifth  avia-builder-el-3  el_before_av_one_fifth  avia-builder-el-first  first flex_column_div'   ><section class=\"av_textblock_section\"  itemscope=\"itemscope\" itemtype=\"https:\/\/schema.org\/CreativeWork\" ><div class='avia_textblock'   itemprop=\"text\" ><p>Wir k\u00f6nnen Versand und Versicherung f\u00fcr jeden Ort der Welt organisieren. Wir freuen uns \u00fcber jede Expertise, die Sie an unseren Autos durchf\u00fchren m\u00f6chten und vermitteln K\u00e4ufer und Verk\u00e4ufer auf Wunsch gerne in direkten Kontakt.<\/p>\n<\/div><\/section><\/div><div class='flex_column av-133yt-1563a080817717de4a74548aec498c18 av_one_fifth  avia-builder-el-5  el_after_av_four_fifth  avia-builder-el-last  flex_column_div  av-animated-generic fade-in'   ><p>\n<style type=\"text\/css\" data-created_by=\"avia_inline_auto\" id=\"style-css-av-kwbgcobl-70d90d906ba0beebd421816884bfb2ed\">\n#top .hr.hr-invisible.av-kwbgcobl-70d90d906ba0beebd421816884bfb2ed{\nheight:20px;\n}\n<\/style>\n<div  class='hr av-kwbgcobl-70d90d906ba0beebd421816884bfb2ed hr-invisible  avia-builder-el-6  el_before_av_button  avia-builder-el-first   av-small-hide av-mini-hide'><span class='hr-inner'><span class=\"hr-inner-style\"><\/span><\/span><\/div><br \/>\n<div  class='avia-button-wrap avia-button-center  avia-builder-el-7  el_after_av_hr  avia-builder-el-last' ><a href='https:\/\/cticlassics.com\/de\/contact\/'  class='avia-button av-kwbg6nam-aaf9daee13a23925a501b19936bb3c78 avia-icon_select-no avia-size-large avia-position-center avia-color-theme-color' ><span class='avia_iconbox_title' >KONTAKTIERE UNS<\/span><\/a><\/div><\/p><\/div>\n\n\n<style type=\"text\/css\" data-created_by=\"avia_inline_auto\" id=\"style-css-av-10uk9-0981b8cabaa86118549caed542cd96f3\">\n#top .av-masonry.av-10uk9-0981b8cabaa86118549caed542cd96f3{\nbackground-color:#ffffff;\n}\n<\/style>\n<div id='av-masonry-1' class='av-masonry av-10uk9-0981b8cabaa86118549caed542cd96f3 noHover av-fixed-size av-large-gap av-hover-overlay- av-masonry-animation-active av-masonry-col-2 av-caption-always av-caption-style- av-masonry-entries'><div class=\"av-masonry-container isotope av-js-disabled\"><div class='av-masonry-entry isotope-item av-masonry-item-no-image'><\/div><a href=\"https:\/\/cticlassics.com\/de\/item\/1954-alfa-romeo-1900c-super-sprint-for-sale\/\"  id='av-masonry-1-item-1312' data-av-masonry-item='1312' class='av-masonry-entry isotope-item post-1312 portfolio type-portfolio status-publish has-post-thumbnail hentry portfolio_entries-cars  av-masonry-item-with-image av-grid-img' title=\"Alfa 1900C Super Sprint zu verkaufen-47\"  itemscope=\"itemscope\" itemtype=\"https:\/\/schema.org\/CreativeWork\" ><div class='av-inner-masonry-sizer'><\/div><figure class='av-inner-masonry main_color'><div class=\"av-masonry-outerimage-container\"><div class='av-masonry-image-container' style=\"background-image: url(https:\/\/cticlassics.com\/wp-content\/uploads\/2021\/11\/Alfa-1900C-Super-Sprint-for-sale-47-705x469.jpg);\"  title=\"Alfa 1900C Super Sprint zu verkaufen-47\"  ><\/div><\/div><figcaption class='av-inner-masonry-content site-background'><div class='av-inner-masonry-content-pos'><div class='av-inner-masonry-content-pos-content'><div class='avia-arrow'><\/div><h3 class='av-masonry-entry-title entry-title'  itemprop=\"headline\" >Concours-Sieger 1954 Alfa Romeo 1900C SS \u2013 Ort:<\/h3><\/div><\/div><\/figcaption><\/figure><\/a><!--end av-masonry entry--><\/div><\/div>\n\n<style type=\"text\/css\" data-created_by=\"avia_inline_auto\" id=\"style-css-av-uylp-31af4e138b91db664e3a9f6308871e96\">\n.avia-section.av-uylp-31af4e138b91db664e3a9f6308871e96{\nbackground-color:#f2eee4;\n}\n<\/style>\n<div id='av_section_3'  class='avia-section av-uylp-31af4e138b91db664e3a9f6308871e96 main_color avia-section-small avia-no-border-styling  avia-builder-el-9  el_after_av_masonry_entries  el_before_av_masonry_gallery  avia-bg-style-scroll  container_wrap fullsize'  ><div class='container av-section-cont-open' ><div class='template-page content  av-content-full alpha units'><div class='post-entry post-entry-type-page post-entry-25'><div class='entry-content-wrapper clearfix'>\n\n<style type=\"text\/css\" data-created_by=\"avia_inline_auto\" id=\"style-css-av-kvfhj9ej-62a945a42d5b4bfed80dec46abed1e5d\">\n#top .av-special-heading.av-kvfhj9ej-62a945a42d5b4bfed80dec46abed1e5d{\npadding-bottom:0px;\ncolor:#000000;\n}\n.av-special-heading.av-kvfhj9ej-62a945a42d5b4bfed80dec46abed1e5d .special-heading-inner-border{\nborder-color:#000000;\n}\n<\/style>\n<div  class='av-special-heading av-kvfhj9ej-62a945a42d5b4bfed80dec46abed1e5d av-special-heading-h3 custom-color-heading  avia-builder-el-10  avia-builder-el-no-sibling'><h3 class='av-special-heading-tag'  itemprop=\"headline\"  >Demn\u00e4chst\u2026<\/h3><div class='special-heading-border'><div class='special-heading-inner-border'><\/div><\/div><\/div>","protected":false},"excerpt":{"rendered":"","protected":false},"author":1,"featured_media":0,"parent":0,"menu_order":0,"comment_status":"open","ping_status":"open","template":"","meta":{"content-type":"","_FSMCFIC_featured_image_caption":"","_FSMCFIC_featured_image_nocaption":"","_FSMCFIC_featured_image_hide":"","footnotes":""},"class_list":["post-25","page","type-page","status-publish","hentry"],"_links":{"self":[{"href":"https:\/\/cticlassics.com\/de\/wp-json\/wp\/v2\/pages\/25","targetHints":{"allow":["GET"]}}],"collection":[{"href":"https:\/\/cticlassics.com\/de\/wp-json\/wp\/v2\/pages"}],"about":[{"href":"https:\/\/cticlassics.com\/de\/wp-json\/wp\/v2\/types\/page"}],"author":[{"embeddable":true,"href":"https:\/\/cticlassics.com\/de\/wp-json\/wp\/v2\/users\/1"}],"replies":[{"embeddable":true,"href":"https:\/\/cticlassics.com\/de\/wp-json\/wp\/v2\/comments?post=25"}],"version-history":[{"count":0,"href":"https:\/\/cticlassics.com\/de\/wp-json\/wp\/v2\/pages\/25\/revisions"}],"wp:attachment":[{"href":"https:\/\/cticlassics.com\/de\/wp-json\/wp\/v2\/media?parent=25"}],"curies":[{"name":"wp","href":"https:\/\/api.w.org\/{rel}","templated":true}]}}