{"id":783,"date":"2021-10-31T17:38:38","date_gmt":"2021-10-31T17:38:38","guid":{"rendered":"https:\/\/cticlassics.com\/?page_id=783"},"modified":"2025-08-10T11:53:45","modified_gmt":"2025-08-10T11:53:45","slug":"classic-cars-sourcing","status":"publish","type":"page","link":"https:\/\/cticlassics.com\/de\/classic-cars-sourcing\/","title":{"rendered":"Beschaffung von Oldtimern"},"content":{"rendered":"<style type=\"text\/css\" data-created_by=\"avia_inline_auto\" id=\"style-css-av-kvdzbebd-94109fd056d34b543afaa1b12199a6b7\">\n.avia-section.av-kvdzbebd-94109fd056d34b543afaa1b12199a6b7{\nbackground-color:#f2eee4;\n}\n<\/style>\n<div id='av_section_1'  class='avia-section av-kvdzbebd-94109fd056d34b543afaa1b12199a6b7 main_color avia-section-small avia-no-border-styling  avia-builder-el-0  el_before_av_section  avia-builder-el-first  avia-bg-style-scroll  container_wrap fullsize'  ><div class='container av-section-cont-open' ><main  role=\"main\" itemprop=\"mainContentOfPage\"  class='template-page content  av-content-full alpha units'><div class='post-entry post-entry-type-page post-entry-783'><div class='entry-content-wrapper clearfix'>\n\n<style type=\"text\/css\" data-created_by=\"avia_inline_auto\" id=\"style-css-av-kvdzb8gu-00c68149a81a5062d8930c5c83df5d07\">\n#top .av-special-heading.av-kvdzb8gu-00c68149a81a5062d8930c5c83df5d07{\npadding-bottom:0px;\ncolor:#000000;\n}\n.av-special-heading.av-kvdzb8gu-00c68149a81a5062d8930c5c83df5d07 .special-heading-inner-border{\nborder-color:#000000;\n}\n<\/style>\n<div  class='av-special-heading av-kvdzb8gu-00c68149a81a5062d8930c5c83df5d07 av-special-heading-h3 custom-color-heading  avia-builder-el-1  avia-builder-el-no-sibling'><h3 class='av-special-heading-tag'  itemprop=\"headline\"  >Autos, die wir derzeit f\u00fcr unsere Kunden suchen <\/h3><div class='special-heading-border'><div class='special-heading-inner-border'><\/div><\/div><\/div>\n\n<\/div><\/div><\/main><!-- close content main element --><\/div><\/div>\n<style type=\"text\/css\" data-created_by=\"avia_inline_auto\" id=\"style-css-av-kvflaxhi-789ddf8be41d2ced004560367f8f10bf\">\n.avia-section.av-kvflaxhi-789ddf8be41d2ced004560367f8f10bf{\nbackground-color:#ffffff;\n}\n<\/style>\n<div id='av_section_2'  class='avia-section av-kvflaxhi-789ddf8be41d2ced004560367f8f10bf main_color avia-section-small avia-no-border-styling  avia-builder-el-2  el_after_av_section  el_before_av_masonry_gallery  avia-bg-style-scroll  container_wrap fullsize'  ><div class='container av-section-cont-open' ><div class='template-page content  av-content-full alpha units'><div class='post-entry post-entry-type-page post-entry-783'><div class='entry-content-wrapper clearfix'>\n<div class='flex_column av-au8fz-c5683701442da1a2d5b3bde5e564d8d5 av_one_half  avia-builder-el-3  el_before_av_one_fourth  avia-builder-el-first  first flex_column_div'   ><section class=\"av_textblock_section\"  itemscope=\"itemscope\" itemtype=\"https:\/\/schema.org\/CreativeWork\" ><div class='avia_textblock'   itemprop=\"text\" ><p>Dies ist eine Liste von Modellen, die wir f\u00fcr unsere Kunden suchen. Wenn Sie solche Autos zum Verkauf haben oder uns bitten m\u00f6chten, ein bestimmtes Auto f\u00fcr Sie zu finden und auszuw\u00e4hlen, senden Sie uns bitte eine Nachricht. Wir haben f\u00fcr jedes Projekt einen ma\u00dfgeschneiderten Ansatz, den wir mit unseren Grundwerten betreiben: Transparenz, Vertraulichkeit und Vertrauen.<\/p>\n<\/div><\/section><\/div><div class='flex_column av-919pj-122afacf80be0e4301b9eb48ebc139c9 av_one_fourth  avia-builder-el-5  el_after_av_one_half  el_before_av_one_fourth  flex_column_div av-zero-column-padding'   ><p>\n<style type=\"text\/css\" data-created_by=\"avia_inline_auto\" id=\"style-css-av-kwftlr42-4ce5dd297b58a779eecad5c62082a6e2\">\n#top .hr.hr-invisible.av-kwftlr42-4ce5dd297b58a779eecad5c62082a6e2{\nheight:15px;\n}\n<\/style>\n<div  class='hr av-kwftlr42-4ce5dd297b58a779eecad5c62082a6e2 hr-invisible  avia-builder-el-6  el_before_av_button  avia-builder-el-first   av-small-hide av-mini-hide'><span class='hr-inner'><span class=\"hr-inner-style\"><\/span><\/span><\/div><br \/>\n<div  class='avia-button-wrap avia-button-center  avia-builder-el-7  el_after_av_hr  avia-builder-el-last  popupformsearch1' ><a href='https:\/\/cticlassics.com\/de\/you-have-a-car-you-consider-selling\/'  class='avia-button av-me5lqek0-1cdb69e320ef69b9dceb77f069f88414 avia-icon_select-no avia-size-large avia-position-center avia-color-theme-color' ><span class='avia_iconbox_title' >ICH HABE EIN AUTO, DAS ICH VERKAUFEN MUSS<\/span><\/a><\/div><\/p><\/div><div class='flex_column av-fe8rj-d891586ec2e033ab960e194a96814cf6 av_one_fourth  avia-builder-el-8  el_after_av_one_fourth  avia-builder-el-last  flex_column_div av-zero-column-padding'   ><p>\n<style type=\"text\/css\" data-created_by=\"avia_inline_auto\" id=\"style-css-av-9hkwf-a13dffa89b3ae43c549d471fa3846f25\">\n#top .hr.hr-invisible.av-9hkwf-a13dffa89b3ae43c549d471fa3846f25{\nheight:15px;\n}\n<\/style>\n<div  class='hr av-9hkwf-a13dffa89b3ae43c549d471fa3846f25 hr-invisible  avia-builder-el-9  el_before_av_button  avia-builder-el-first   av-small-hide av-mini-hide'><span class='hr-inner'><span class=\"hr-inner-style\"><\/span><\/span><\/div><br \/>\n<div  class='avia-button-wrap avia-button-center  avia-builder-el-10  el_after_av_hr  avia-builder-el-last  popupformsearch1' ><a href='https:\/\/cticlassics.com\/de\/you-are-looking-for-a-specific-model\/'  class='avia-button av-kwbgbsuv-7424d7f26b5a25ce3347f08c13739a9e avia-icon_select-no avia-size-large avia-position-center avia-color-theme-color' ><span class='avia_iconbox_title' >ICH SUCHE EIN BESTIMMTES MODELL<\/span><\/a><\/div><\/p><\/div><\/p>","protected":false},"excerpt":{"rendered":"","protected":false},"author":1,"featured_media":0,"parent":0,"menu_order":0,"comment_status":"open","ping_status":"closed","template":"","meta":{"content-type":"","_FSMCFIC_featured_image_caption":"","_FSMCFIC_featured_image_nocaption":"","_FSMCFIC_featured_image_hide":"","footnotes":""},"class_list":["post-783","page","type-page","status-publish","hentry"],"_links":{"self":[{"href":"https:\/\/cticlassics.com\/de\/wp-json\/wp\/v2\/pages\/783","targetHints":{"allow":["GET"]}}],"collection":[{"href":"https:\/\/cticlassics.com\/de\/wp-json\/wp\/v2\/pages"}],"about":[{"href":"https:\/\/cticlassics.com\/de\/wp-json\/wp\/v2\/types\/page"}],"author":[{"embeddable":true,"href":"https:\/\/cticlassics.com\/de\/wp-json\/wp\/v2\/users\/1"}],"replies":[{"embeddable":true,"href":"https:\/\/cticlassics.com\/de\/wp-json\/wp\/v2\/comments?post=783"}],"version-history":[{"count":0,"href":"https:\/\/cticlassics.com\/de\/wp-json\/wp\/v2\/pages\/783\/revisions"}],"wp:attachment":[{"href":"https:\/\/cticlassics.com\/de\/wp-json\/wp\/v2\/media?parent=783"}],"curies":[{"name":"wp","href":"https:\/\/api.w.org\/{rel}","templated":true}]}}