{"id":698,"date":"2021-10-30T16:38:26","date_gmt":"2021-10-30T16:38:26","guid":{"rendered":"https:\/\/cticlassics.com\/?page_id=698"},"modified":"2022-04-23T18:42:59","modified_gmt":"2022-04-23T18:42:59","slug":"sold-cars","status":"publish","type":"page","link":"https:\/\/cticlassics.com\/es\/sold-cars\/","title":{"rendered":"Autos vendidos"},"content":{"rendered":"<style type=\"text\/css\" data-created_by=\"avia_inline_auto\" id=\"style-css-av-kvdzbebd-94109fd056d34b543afaa1b12199a6b7\">\n.avia-section.av-kvdzbebd-94109fd056d34b543afaa1b12199a6b7{\nbackground-color:#f2eee4;\n}\n<\/style>\n<div id='av_section_1'  class='avia-section av-kvdzbebd-94109fd056d34b543afaa1b12199a6b7 main_color avia-section-small avia-no-border-styling  avia-builder-el-0  el_before_av_section  avia-builder-el-first  avia-bg-style-scroll  container_wrap fullsize'  ><div class='container av-section-cont-open' ><main  role=\"main\" itemprop=\"mainContentOfPage\"  class='template-page content  av-content-full alpha units'><div class='post-entry post-entry-type-page post-entry-698'><div class='entry-content-wrapper clearfix'>\n\n<style type=\"text\/css\" data-created_by=\"avia_inline_auto\" id=\"style-css-av-kvdzb8gu-cd242db18d2c7d85aef8f138429a9a27\">\n#top .av-special-heading.av-kvdzb8gu-cd242db18d2c7d85aef8f138429a9a27{\npadding-bottom:0px;\ncolor:#000000;\n}\n.av-special-heading.av-kvdzb8gu-cd242db18d2c7d85aef8f138429a9a27 .special-heading-inner-border{\nborder-color:#000000;\n}\n<\/style>\n<div  class='av-special-heading av-kvdzb8gu-cd242db18d2c7d85aef8f138429a9a27 av-special-heading-h3 custom-color-heading  avia-builder-el-1  avia-builder-el-no-sibling'><h3 class='av-special-heading-tag'  itemprop=\"headline\"  >Coches vendidos por CTI Classics <\/h3><div class='special-heading-border'><div class='special-heading-inner-border'><\/div><\/div><\/div>\n\n<\/div><\/div><\/main><!-- close content main element --><\/div><\/div>\n<style type=\"text\/css\" data-created_by=\"avia_inline_auto\" id=\"style-css-av-kvprpk07-f61b0a3589ee2b31b4353a89eb0d9c95\">\n.avia-section.av-kvprpk07-f61b0a3589ee2b31b4353a89eb0d9c95{\nbackground-color:#ffffff;\n}\n<\/style>\n<div id='av_section_2'  class='avia-section av-kvprpk07-f61b0a3589ee2b31b4353a89eb0d9c95 main_color avia-section-small avia-no-border-styling  avia-builder-el-2  el_after_av_section  el_before_av_masonry_gallery  avia-bg-style-scroll  container_wrap fullsize'  ><div class='container av-section-cont-open' ><div class='template-page content  av-content-full alpha units'><div class='post-entry post-entry-type-page post-entry-698'><div class='entry-content-wrapper clearfix'>\n<section class=\"av_textblock_section\"  itemscope=\"itemscope\" itemtype=\"https:\/\/schema.org\/CreativeWork\" ><div class='avia_textblock'   itemprop=\"text\" ><p>Aqu\u00ed est\u00e1n los autos que vendimos recientemente y los pa\u00edses donde contin\u00faan sus vidas con sus felices nuevos due\u00f1os.<\/p>\n<\/div><\/section>","protected":false},"excerpt":{"rendered":"","protected":false},"author":1,"featured_media":0,"parent":0,"menu_order":0,"comment_status":"open","ping_status":"closed","template":"","meta":{"content-type":"","_FSMCFIC_featured_image_caption":"","_FSMCFIC_featured_image_nocaption":"","_FSMCFIC_featured_image_hide":"","footnotes":""},"class_list":["post-698","page","type-page","status-publish","hentry"],"_links":{"self":[{"href":"https:\/\/cticlassics.com\/es\/wp-json\/wp\/v2\/pages\/698","targetHints":{"allow":["GET"]}}],"collection":[{"href":"https:\/\/cticlassics.com\/es\/wp-json\/wp\/v2\/pages"}],"about":[{"href":"https:\/\/cticlassics.com\/es\/wp-json\/wp\/v2\/types\/page"}],"author":[{"embeddable":true,"href":"https:\/\/cticlassics.com\/es\/wp-json\/wp\/v2\/users\/1"}],"replies":[{"embeddable":true,"href":"https:\/\/cticlassics.com\/es\/wp-json\/wp\/v2\/comments?post=698"}],"version-history":[{"count":0,"href":"https:\/\/cticlassics.com\/es\/wp-json\/wp\/v2\/pages\/698\/revisions"}],"wp:attachment":[{"href":"https:\/\/cticlassics.com\/es\/wp-json\/wp\/v2\/media?parent=698"}],"curies":[{"name":"wp","href":"https:\/\/api.w.org\/{rel}","templated":true}]}}