{"id":999,"date":"2021-11-07T14:59:31","date_gmt":"2021-11-07T14:59:31","guid":{"rendered":"https:\/\/cticlassics.com\/?page_id=999"},"modified":"2021-11-26T04:17:40","modified_gmt":"2021-11-26T04:17:40","slug":"values","status":"publish","type":"page","link":"https:\/\/cticlassics.com\/it\/values\/","title":{"rendered":"Valori"},"content":{"rendered":"<style type=\"text\/css\" data-created_by=\"avia_inline_auto\" id=\"style-css-av-1kael-14233e940da3a906df77ba2ab5954dd6\">\n.avia-section.av-1kael-14233e940da3a906df77ba2ab5954dd6{\nbackground-color:#f2eee4;\n}\n<\/style>\n<div id='av_section_1'  class='avia-section av-1kael-14233e940da3a906df77ba2ab5954dd6 main_color avia-section-small avia-no-border-styling  avia-builder-el-0  el_before_av_section  avia-builder-el-first  avia-bg-style-scroll  container_wrap fullsize'  ><div class='container av-section-cont-open' ><main  role=\"main\" itemprop=\"mainContentOfPage\"  class='template-page content  av-content-full alpha units'><div class='post-entry post-entry-type-page post-entry-999'><div class='entry-content-wrapper clearfix'>\n\n<style type=\"text\/css\" data-created_by=\"avia_inline_auto\" id=\"style-css-av-ve6p-14e65a9bdcab4c70b47da753a4968e5e\">\n#top .av-special-heading.av-ve6p-14e65a9bdcab4c70b47da753a4968e5e{\npadding-bottom:0px;\ncolor:#000000;\n}\n.av-special-heading.av-ve6p-14e65a9bdcab4c70b47da753a4968e5e .special-heading-inner-border{\nborder-color:#000000;\n}\n<\/style>\n<div  class='av-special-heading av-ve6p-14e65a9bdcab4c70b47da753a4968e5e av-special-heading-h3 custom-color-heading  avia-builder-el-1  avia-builder-el-no-sibling'><h3 class='av-special-heading-tag'  itemprop=\"headline\"  >I nostri valori: trasparenza, riservatezza, fiducia, qualit\u00e0 e passione<\/h3><div class='special-heading-border'><div class='special-heading-inner-border'><\/div><\/div><\/div>\n\n<\/div><\/div><\/main><!-- close content main element --><\/div><\/div>\n<style type=\"text\/css\" data-created_by=\"avia_inline_auto\" id=\"style-css-av-2xy4x-325b5358c08fa178af4af8232d4b04eb\">\n.avia-section.av-2xy4x-325b5358c08fa178af4af8232d4b04eb{\nbackground-color:#ffffff;\n}\n<\/style>\n<div id='av_section_2'  class='avia-section av-2xy4x-325b5358c08fa178af4af8232d4b04eb main_color avia-section-small avia-no-border-styling  avia-builder-el-2  el_after_av_section  el_before_av_section  avia-bg-style-scroll  container_wrap fullsize'  ><div class='container av-section-cont-open' ><div class='template-page content  av-content-full alpha units'><div class='post-entry post-entry-type-page post-entry-999'><div class='entry-content-wrapper clearfix'>\n\n<style type=\"text\/css\" data-created_by=\"avia_inline_auto\" id=\"style-css-av-26ejp-5acb1f4567513d79d1965eb560234fd9\">\n#top .hr.hr-invisible.av-26ejp-5acb1f4567513d79d1965eb560234fd9{\nheight:15px;\n}\n<\/style>\n<div  class='hr av-26ejp-5acb1f4567513d79d1965eb560234fd9 hr-invisible  avia-builder-el-3  avia-builder-el-no-sibling'><span class='hr-inner'><span class=\"hr-inner-style\"><\/span><\/span><\/div>\n\n<\/div><\/div><\/div><!-- close content main div --><\/div><\/div>\n<style type=\"text\/css\" data-created_by=\"avia_inline_auto\" id=\"style-css-av-kvfqvjof-9202c610d1303a9edf8d6339cc92ca9e\">\n.avia-section.av-kvfqvjof-9202c610d1303a9edf8d6339cc92ca9e{\nbackground-color:#eeeeee;\n}\n<\/style>\n<div id='av_section_3'  class='avia-section av-kvfqvjof-9202c610d1303a9edf8d6339cc92ca9e main_color avia-section-default avia-no-border-styling  avia-builder-el-4  el_after_av_section  el_before_av_section  avia-bg-style-scroll  container_wrap fullsize'  ><div class='container av-section-cont-open' ><div class='template-page content  av-content-full alpha units'><div class='post-entry post-entry-type-page post-entry-999'><div class='entry-content-wrapper clearfix'>\n<div class='flex_column av-hhbv3-701975ba6e9a9ad9bba3c7ffddf8e902 av_one_third  avia-builder-el-5  el_before_av_one_third  avia-builder-el-first  first flex_column_div'   ><article  class=\"iconbox iconbox_top av-kw3oj6kk-7e1a45fce1e43c9674d636a9d011a4a3  avia-builder-el-6  avia-builder-el-no-sibling  main_color\"  itemscope=\"itemscope\" itemtype=\"https:\/\/schema.org\/CreativeWork\" ><div class=\"iconbox_content\"><header class=\"entry-content-header\"><div class=\"iconbox_icon heading-color\" aria-hidden='true' data-av_icon='\uf091' data-av_iconfont='fontawesome5free-solid'><\/div><h3 class='iconbox_content_title'  itemprop=\"headline\" >Qualit\u00e0<\/h3><\/header><div class='iconbox_content_container'  itemprop=\"text\" ><p>Vendiamo solo auto selezionate di alta qualit\u00e0, ma nel nostro caso qualit\u00e0 significa, al di l\u00e0 delle condizioni oggettive dell&#039;auto, un&#039;&quot;anima in pi\u00f9&quot;, questo piccolo qualcosa che rende un&#039;auto diversa: una patina, un odore speciale, la fattura originale di vendita, basso chilometraggio o una storia unica, \u2026 Tendiamo a preferire l&#039;originalit\u00e0 di un&#039;auto intatta della capsula del tempo a un&#039;auto da concorso nuova di zecca e completamente restaurata.<\/p>\n<\/div><\/div><footer class=\"entry-footer\"><\/footer><\/article><\/div><div class='flex_column av-gojlj-b4f0d9f4fcf8a017407a57991a846e95 av_one_third  avia-builder-el-7  el_after_av_one_third  el_before_av_one_third  flex_column_div'   ><article  class=\"iconbox iconbox_top av-kwb1svmv-c4e492fa059059e752733486297f493c  avia-builder-el-8  avia-builder-el-no-sibling  main_color\"  itemscope=\"itemscope\" itemtype=\"https:\/\/schema.org\/CreativeWork\" ><div class=\"iconbox_content\"><header class=\"entry-content-header\"><div class=\"iconbox_icon heading-color\" aria-hidden='true' data-av_icon='\uf1b9' data-av_iconfont='fontawesome5free-solid'><\/div><h3 class='iconbox_content_title'  itemprop=\"headline\" >Spirito da gentiluomo!<\/h3><\/header><div class='iconbox_content_container'  itemprop=\"text\" ><p><img loading=\"lazy\" decoding=\"async\" class=\"alignnone size-full wp-image-1705\" src=\"https:\/\/cticlassics.com\/wp-content\/uploads\/2021\/11\/lableue-2.png\" alt=\"\" width=\"545\" height=\"362\" srcset=\"https:\/\/cticlassics.com\/wp-content\/uploads\/2021\/11\/lableue-2.png 545w, https:\/\/cticlassics.com\/wp-content\/uploads\/2021\/11\/lableue-2-300x199.png 300w, https:\/\/cticlassics.com\/wp-content\/uploads\/2021\/11\/lableue-2-18x12.png 18w\" sizes=\"auto, (max-width: 545px) 100vw, 545px\" \/><\/p>\n<div  class='avia-button-wrap avia-button-center  avia-builder-el-9  avia-builder-el-no-sibling' ><a href='https:\/\/cticlassics.com\/it\/contact\/'  class='avia-button av-av_button-54bae91b6df6ad100b70d7fc258d0518 avia-icon_select-no avia-size-small avia-position-center avia-color-theme-color' ><span class='avia_iconbox_title' >CONTATTACI<\/span><\/a><\/div>\n<\/div><\/div><footer class=\"entry-footer\"><\/footer><\/article><\/div><div class='flex_column av-98yvr-db0893cc626d0bc24e7d24f792342392 av_one_third  avia-builder-el-10  el_after_av_one_third  el_before_av_one_third  flex_column_div'   ><article  class=\"iconbox iconbox_top av-kw3oisey-c6b151c59d5e865d39e0257ef8019da1  avia-builder-el-11  avia-builder-el-no-sibling  main_color\"  itemscope=\"itemscope\" itemtype=\"https:\/\/schema.org\/CreativeWork\" ><div class=\"iconbox_content\"><header class=\"entry-content-header\"><div class=\"iconbox_icon heading-color\" aria-hidden='true' data-av_icon='\uf004' data-av_iconfont='fontawesome5free-solid'><\/div><h3 class='iconbox_content_title'  itemprop=\"headline\" >Passione<\/h3><\/header><div class='iconbox_content_container'  itemprop=\"text\" ><p>La passione \u00e8 un&#039;emozione, e non ha nulla a che fare con il prezzo, il mercato o un ritorno sull&#039;investimento. Respiriamo questo spirito in tutto il processo di acquisto o vendita, che si tratti di un progetto per competere con il Tour Auto in una Simca 1000 Rally 2 (uno dei nostri sogni!) o di portare i propri figli a scuola su un&#039;Alfa Romeo 1900C. E soprattutto, crediamo che un&#039;auto sia fatta per essere guidata, non per rimanere statica in una collezione!<\/p>\n<\/div><\/div><footer class=\"entry-footer\"><\/footer><\/article><\/div><div class='flex_column av-2d37l-c7d0af6059fe96abfd565f06ac35ecfb av_one_third  avia-builder-el-12  el_after_av_one_third  el_before_av_one_third  first flex_column_div column-top-margin'   ><article  class=\"iconbox iconbox_top av-kvfrvhy9-107c5ea7c89498c46d1731f6e4e6156b  avia-builder-el-13  avia-builder-el-no-sibling  main_color\"  itemscope=\"itemscope\" itemtype=\"https:\/\/schema.org\/CreativeWork\" ><div class=\"iconbox_content\"><header class=\"entry-content-header\"><div class=\"iconbox_icon heading-color\" aria-hidden='true' data-av_icon='\uf509' data-av_iconfont='fontawesome5free-solid'><\/div><h3 class='iconbox_content_title'  itemprop=\"headline\" >Trasparenza<\/h3><\/header><div class='iconbox_content_container'  itemprop=\"text\" ><p>Non compriamo e vendiamo auto, colleghiamo la storia di un&#039;auto con la storia di due umani, il venditore e l&#039;acquirente. In questo servizio su misura, ci prendiamo del tempo per comprendere tutti gli obiettivi di entrambi e non abbiamo assolutamente alcun problema, se necessario, a metterli in contatto diretto.<\/p>\n<\/div><\/div><footer class=\"entry-footer\"><\/footer><\/article><\/div><div class='flex_column av-1cztt-091660bda775c21b7e44dbee9a709ecf av_one_third  avia-builder-el-14  el_after_av_one_third  el_before_av_one_third  flex_column_div column-top-margin'   ><article  class=\"iconbox iconbox_top av-kvfrxiem-5ec745fc34c01cce29116710c403f0ed  avia-builder-el-15  avia-builder-el-no-sibling  main_color\"  itemscope=\"itemscope\" itemtype=\"https:\/\/schema.org\/CreativeWork\" ><div class=\"iconbox_content\"><header class=\"entry-content-header\"><div class=\"iconbox_icon heading-color\" aria-hidden='true' data-av_icon='\ue824' data-av_iconfont='entypo-fontello'><\/div><h3 class='iconbox_content_title'  itemprop=\"headline\" >Riservatezza<\/h3><\/header><div class='iconbox_content_container'  itemprop=\"text\" ><p>Appassionati da decenni di auto storiche classiche e da corsa, e noi stessi collezionisti privati, abbiamo sviluppato una rete di partner selezionati di cui ci fidiamo e rispettiamo. Per non perdere l&#039;auto dei tuoi sogni, gestiremo sempre il tuo progetto con la massima discrezione.<\/p>\n<\/div><\/div><footer class=\"entry-footer\"><\/footer><\/article><\/div><div class='flex_column av-162ll-fb1ad52354f3933236fe0f51bca0cf3f av_one_third  avia-builder-el-16  el_after_av_one_third  avia-builder-el-last  flex_column_div column-top-margin'   ><article  class=\"iconbox iconbox_top av-kvfrzj87-e1f8f7fb3a9ab00fd8f97ee715b50bd6  avia-builder-el-17  avia-builder-el-no-sibling  main_color\"  itemscope=\"itemscope\" itemtype=\"https:\/\/schema.org\/CreativeWork\" ><div class=\"iconbox_content\"><header class=\"entry-content-header\"><div class=\"iconbox_icon heading-color\" aria-hidden='true' data-av_icon='\uf4c4' data-av_iconfont='fontawesome5free-solid'><\/div><h3 class='iconbox_content_title'  itemprop=\"headline\" >Fiducia<\/h3><\/header><div class='iconbox_content_container'  itemprop=\"text\" ><p>Il livello di servizio che offriamo non dipende dal livello di prezzo del progetto. Condividendo la stessa passione trattiamo tutti i clienti come amici e stabiliamo un rapporto a lungo termine nella gestione delle loro collezioni. Che si tratti di 1 o 100 auto. Che valga 10 000$ o 10 milioni.<\/p>\n<\/div><\/div><footer class=\"entry-footer\"><\/footer><\/article><\/div><\/div><\/div><\/div><!-- close content main div --><\/div><\/div>\n<style type=\"text\/css\" data-created_by=\"avia_inline_auto\" id=\"style-css-av-1i9et-4ad1b4a455354d7e9309b54033485781\">\n.avia-section.av-1i9et-4ad1b4a455354d7e9309b54033485781{\nbackground-color:#ffffff;\n}\n<\/style>\n<div id='av_section_4'  class='avia-section av-1i9et-4ad1b4a455354d7e9309b54033485781 main_color avia-section-small avia-no-border-styling  avia-builder-el-18  el_after_av_section  avia-builder-el-last  avia-bg-style-scroll  container_wrap fullsize'  ><div class='container av-section-cont-open' ><div class='template-page content  av-content-full alpha units'><div class='post-entry post-entry-type-page post-entry-999'><div class='entry-content-wrapper clearfix'>\n\n<style type=\"text\/css\" data-created_by=\"avia_inline_auto\" id=\"style-css-av-938v3-4f860294206b7bcc36497ff9d5c00803\">\n#top .hr.hr-invisible.av-938v3-4f860294206b7bcc36497ff9d5c00803{\nheight:15px;\n}\n<\/style>\n<div  class='hr av-938v3-4f860294206b7bcc36497ff9d5c00803 hr-invisible  avia-builder-el-19  avia-builder-el-no-sibling'><span class='hr-inner'><span class=\"hr-inner-style\"><\/span><\/span><\/div>\n<\/p>","protected":false},"excerpt":{"rendered":"","protected":false},"author":1,"featured_media":0,"parent":0,"menu_order":0,"comment_status":"closed","ping_status":"closed","template":"","meta":{"content-type":"","_FSMCFIC_featured_image_caption":"","_FSMCFIC_featured_image_nocaption":"","_FSMCFIC_featured_image_hide":"","footnotes":""},"class_list":["post-999","page","type-page","status-publish","hentry"],"_links":{"self":[{"href":"https:\/\/cticlassics.com\/it\/wp-json\/wp\/v2\/pages\/999","targetHints":{"allow":["GET"]}}],"collection":[{"href":"https:\/\/cticlassics.com\/it\/wp-json\/wp\/v2\/pages"}],"about":[{"href":"https:\/\/cticlassics.com\/it\/wp-json\/wp\/v2\/types\/page"}],"author":[{"embeddable":true,"href":"https:\/\/cticlassics.com\/it\/wp-json\/wp\/v2\/users\/1"}],"replies":[{"embeddable":true,"href":"https:\/\/cticlassics.com\/it\/wp-json\/wp\/v2\/comments?post=999"}],"version-history":[{"count":0,"href":"https:\/\/cticlassics.com\/it\/wp-json\/wp\/v2\/pages\/999\/revisions"}],"wp:attachment":[{"href":"https:\/\/cticlassics.com\/it\/wp-json\/wp\/v2\/media?parent=999"}],"curies":[{"name":"wp","href":"https:\/\/api.w.org\/{rel}","templated":true}]}}